{"id":201,"date":"2025-05-08T23:57:22","date_gmt":"2025-05-08T21:57:22","guid":{"rendered":"https:\/\/warsztatywlodzkiem.pl\/?page_id=201"},"modified":"2025-05-21T19:10:13","modified_gmt":"2025-05-21T17:10:13","slug":"warsztat-z-monodeserow","status":"publish","type":"page","link":"https:\/\/warsztatywlodzkiem.pl\/index.php\/warsztat-z-monodeserow\/","title":{"rendered":"Warsztat z monodeser\u00f3w"},"content":{"rendered":"\n<figure class=\"wp-block-image size-large\"><img fetchpriority=\"high\" decoding=\"async\" width=\"1024\" height=\"71\" src=\"http:\/\/warsztatywlodzkiem.pl\/wp-content\/uploads\/2025\/05\/Obszar-roboczy-14-1024x71.png\" alt=\"\" class=\"wp-image-169\" srcset=\"https:\/\/warsztatywlodzkiem.pl\/wp-content\/uploads\/2025\/05\/Obszar-roboczy-14-1024x71.png 1024w, https:\/\/warsztatywlodzkiem.pl\/wp-content\/uploads\/2025\/05\/Obszar-roboczy-14-300x21.png 300w, https:\/\/warsztatywlodzkiem.pl\/wp-content\/uploads\/2025\/05\/Obszar-roboczy-14-768x54.png 768w, https:\/\/warsztatywlodzkiem.pl\/wp-content\/uploads\/2025\/05\/Obszar-roboczy-14.png 1276w\" sizes=\"(max-width: 1024px) 100vw, 1024px\" \/><\/figure>\n\n\n\n<h2 class=\"wp-block-heading alignwide has-text-align-left\">Warsztat z robienia monodeser\u00f3w<\/h2>\n\n\n\n<div class=\"wp-block-group is-content-justification-left is-nowrap is-layout-flex wp-container-core-group-is-layout-fc9f69e7 wp-block-group-is-layout-flex\">\n<p>              Gdzie?<\/p>\n\n\n\n<h2 class=\"wp-block-heading\"><strong>MCK Be\u0142chat\u00f3w<\/strong><\/h2>\n<\/div>\n\n\n\n<div class=\"wp-block-group is-content-justification-left is-nowrap is-layout-flex wp-container-core-group-is-layout-fc9f69e7 wp-block-group-is-layout-flex\">\n<p>Kiedy?<\/p>\n\n\n\n<h2 class=\"wp-block-heading\">10:30 09.06.2025<\/h2>\n<\/div>\n\n\n\n<div class=\"wp-block-group alignwide has-global-padding is-layout-constrained wp-block-group-is-layout-constrained\">\n<figure class=\"wp-block-image alignleft size-large is-resized\"><img decoding=\"async\" width=\"944\" height=\"1024\" src=\"http:\/\/warsztatywlodzkiem.pl\/wp-content\/uploads\/2025\/05\/mono-2-944x1024.png\" alt=\"\" class=\"wp-image-88\" style=\"width:339px;height:auto\" srcset=\"https:\/\/warsztatywlodzkiem.pl\/wp-content\/uploads\/2025\/05\/mono-2-944x1024.png 944w, https:\/\/warsztatywlodzkiem.pl\/wp-content\/uploads\/2025\/05\/mono-2-277x300.png 277w, https:\/\/warsztatywlodzkiem.pl\/wp-content\/uploads\/2025\/05\/mono-2-768x833.png 768w, https:\/\/warsztatywlodzkiem.pl\/wp-content\/uploads\/2025\/05\/mono-2.png 1416w\" sizes=\"(max-width: 944px) 100vw, 944px\" \/><\/figure>\n\n\n\n<div class=\"wp-block-group alignfull is-nowrap is-layout-flex wp-container-core-group-is-layout-6c531013 wp-block-group-is-layout-flex\"><\/div>\n<\/div>\n\n\n\n<h2 class=\"wp-block-heading has-medium-font-size\">Prowadzi:<\/h2>\n\n\n\n<p class=\"has-text-align-center has-large-font-size\"><strong>Monika Klab i Sabina Muszy\u0144ska<\/strong><\/p>\n\n\n\n<p class=\"has-text-align-right has-medium-font-size\"><strong>(Bezcukrowe S\u0142odko\u015bci)<\/strong><\/p>\n\n\n\n<p><\/p>\n\n\n\n<p class=\"has-text-align-left has-medium-font-size\" style=\"border-style:none;border-width:0px;border-radius:0px;margin-top:0;margin-right:0;margin-bottom:0;margin-left:0\">Bezcukrowe S\u0142odko\u015bci to pracownia, kt\u00f3ra stawia na jako\u015b\u0107 i sezonowo\u015b\u0107. Od 6 lat przygotowuje desery na wyj\u0105tkowe okazje, z obni\u017con\u0105 ilo\u015bci\u0105 cukru lub s\u0142odzone cukrem z brzozy. Latem wykorzystuje owoce od lokalnych dostawc\u00f3w, a zim\u0105 belgijsk\u0105 czekolad\u0119 i karmel. Wszystkie desery powstaj\u0105 w kameralnej pracowni. Do ka\u017cdego zam\u00f3wienia podchodzi indywidualnie i oferuje r\u00f3wnie\u017c desery wega\u0144skie, bez laktozy i glutenu.<\/p>\n\n\n\n<p class=\"has-text-align-left has-medium-font-size\" style=\"border-style:none;border-width:0px;border-radius:0px;margin-top:0;margin-right:0;margin-bottom:0;margin-left:0\"><br><strong>Warsztaty z monodeser\u00f3w bezcukrowych \u2013 zdrowe i smakowite dzie\u0142a sztuki!<\/strong><\/p>\n\n\n\n<p class=\"has-text-align-left has-medium-font-size\">Na warsztatach nauczysz si\u0119 robi\u0107 monodesery bez cukru. To eleganckie, lekkie i zdrowe desery, kt\u00f3re pi\u0119knie wygl\u0105daj\u0105 i pysznie smakuj\u0105! Po\u0142\u0105czymy sztuk\u0119 cukiernictwa z trosk\u0105 o zdrowie. Zobaczysz, jak przygotowa\u0107 s\u0142odko\u015bci z owoc\u00f3w, miodu i innych zdrowych sk\u0142adnik\u00f3w. Mistrzynie cukiernictwa poka\u017c\u0105 Ci, jak u\u017cywa\u0107 naturalnych s\u0142odzik\u00f3w, lekkich krem\u00f3w i ro\u015blinnych sk\u0142adnik\u00f3w. Te warsztaty to okazja, by nauczy\u0107 si\u0119, jak je\u015b\u0107 mniej cukru, ale nadal cieszy\u0107 si\u0119 deserami. Odkryj, jak pyszne i proste mog\u0105 by\u0107 zdrowe monodesery na co dzie\u0144 i od \u015bwi\u0119ta.<\/p>\n\n\n\n<p><strong>Do\u0142\u0105cz do nas i stw\u00f3rz zdrowe, bezcukrowe dzie\u0142a sztuki kulinarnej!<\/strong><\/p>\n\n\n\n<p>Rejestracja zamkni\u0119ta z powodu wyczerpania miejsc.<\/p>\n\n\n\n<p class=\"has-text-align-left has-medium-font-size\">Mail kontaktowy: promocja.rpo@lodzkie.pl<br>W przypadku rezygnacji z uczestnictwa prosimy o kontakt mailowy w celu zwolnienia miejsca.<\/p>\n\n\n\n<p class=\"has-text-align-left has-medium-font-size\">Miejsce zbi\u00f3rki: Plac Wolno\u015bci 10, 97-400<\/p>\n\n\n\n<hr class=\"wp-block-separator has-alpha-channel-opacity\"\/>\n","protected":false},"excerpt":{"rendered":"<p>Warsztat z robienia monodeser\u00f3w Gdzie? MCK Be\u0142chat\u00f3w Kiedy? 10:30 09.06.2025 Prowadzi: Monika Klab i Sabina Muszy\u0144ska (Bezcukrowe S\u0142odko\u015bci) Bezcukrowe S\u0142odko\u015bci to pracownia, kt\u00f3ra stawia na jako\u015b\u0107 i sezonowo\u015b\u0107. Od 6 lat przygotowuje desery na wyj\u0105tkowe okazje, z obni\u017con\u0105 ilo\u015bci\u0105 cukru lub s\u0142odzone cukrem z brzozy. Latem wykorzystuje owoce od lokalnych dostawc\u00f3w, a zim\u0105 belgijsk\u0105 czekolad\u0119 i karmel. Wszystkie desery powstaj\u0105 w kameralnej pracowni. Do ka\u017cdego zam\u00f3wienia podchodzi indywidualnie i oferuje r\u00f3wnie\u017c desery wega\u0144skie, bez laktozy i glutenu. Warsztaty z monodeser\u00f3w bezcukrowych \u2013 zdrowe i smakowite dzie\u0142a sztuki! Na warsztatach nauczysz si\u0119 robi\u0107 monodesery bez cukru. To eleganckie, lekkie i zdrowe desery, kt\u00f3re pi\u0119knie wygl\u0105daj\u0105 i pysznie smakuj\u0105! Po\u0142\u0105czymy sztuk\u0119 cukiernictwa z trosk\u0105 o zdrowie. Zobaczysz, jak przygotowa\u0107 s\u0142odko\u015bci z owoc\u00f3w, miodu i innych zdrowych sk\u0142adnik\u00f3w. Mistrzynie cukiernictwa poka\u017c\u0105 Ci, jak u\u017cywa\u0107 naturalnych s\u0142odzik\u00f3w, lekkich krem\u00f3w i ro\u015blinnych sk\u0142adnik\u00f3w. Te warsztaty to okazja, by nauczy\u0107 si\u0119, jak je\u015b\u0107 mniej cukru, ale nadal cieszy\u0107 si\u0119 deserami. Odkryj, jak pyszne i proste mog\u0105 by\u0107 zdrowe monodesery na co dzie\u0144 i od \u015bwi\u0119ta. Do\u0142\u0105cz do nas i stw\u00f3rz zdrowe, bezcukrowe dzie\u0142a sztuki kulinarnej! Rejestracja zamkni\u0119ta z powodu wyczerpania miejsc. Mail kontaktowy: promocja.rpo@lodzkie.plW przypadku rezygnacji z uczestnictwa prosimy o kontakt mailowy w celu zwolnienia miejsca. Miejsce zbi\u00f3rki: Plac Wolno\u015bci 10, 97-400<\/p>\n","protected":false},"author":1,"featured_media":0,"parent":0,"menu_order":0,"comment_status":"closed","ping_status":"closed","template":"no-title-sticky-header","meta":{"footnotes":""},"class_list":["post-201","page","type-page","status-publish","hentry"],"_links":{"self":[{"href":"https:\/\/warsztatywlodzkiem.pl\/index.php\/wp-json\/wp\/v2\/pages\/201","targetHints":{"allow":["GET"]}}],"collection":[{"href":"https:\/\/warsztatywlodzkiem.pl\/index.php\/wp-json\/wp\/v2\/pages"}],"about":[{"href":"https:\/\/warsztatywlodzkiem.pl\/index.php\/wp-json\/wp\/v2\/types\/page"}],"author":[{"embeddable":true,"href":"https:\/\/warsztatywlodzkiem.pl\/index.php\/wp-json\/wp\/v2\/users\/1"}],"replies":[{"embeddable":true,"href":"https:\/\/warsztatywlodzkiem.pl\/index.php\/wp-json\/wp\/v2\/comments?post=201"}],"version-history":[{"count":9,"href":"https:\/\/warsztatywlodzkiem.pl\/index.php\/wp-json\/wp\/v2\/pages\/201\/revisions"}],"predecessor-version":[{"id":369,"href":"https:\/\/warsztatywlodzkiem.pl\/index.php\/wp-json\/wp\/v2\/pages\/201\/revisions\/369"}],"wp:attachment":[{"href":"https:\/\/warsztatywlodzkiem.pl\/index.php\/wp-json\/wp\/v2\/media?parent=201"}],"curies":[{"name":"wp","href":"https:\/\/api.w.org\/{rel}","templated":true}]}}